{"id":5275,"date":"2014-05-24T13:51:08","date_gmt":"2014-05-24T13:51:08","guid":{"rendered":"http:\/\/wpresidence.net\/?page_id=9"},"modified":"2024-12-23T15:54:29","modified_gmt":"2024-12-23T14:54:29","slug":"terms-of-user","status":"publish","type":"page","link":"https:\/\/cajua.ch\/?page_id=5275","title":{"rendered":"Legal Notice and Privacy Policy"},"content":{"rendered":"\t\t<div data-elementor-type=\"wp-page\" data-elementor-id=\"5275\" class=\"elementor elementor-5275\">\n\t\t\t\t\t\t\t<div class=\"elementor-element elementor-element-26bb867b e-flex e-con-boxed e-con e-parent\" data-id=\"26bb867b\" data-element_type=\"container\" data-settings=\"{&quot;content_width&quot;:&quot;boxed&quot;}\" data-core-v316-plus=\"true\">\n\t\t\t\t\t<div class=\"e-con-inner\">\n\t\t\t\t<div class=\"elementor-element elementor-element-7c41ba4 elementor-widget elementor-widget-text-editor\" data-id=\"7c41ba4\" data-element_type=\"widget\" data-widget_type=\"text-editor.default\">\n\t\t\t\t<div class=\"elementor-widget-container\">\n\t\t\t<style>\/*! elementor - v3.18.0 - 08-12-2023 *\/\n.elementor-widget-text-editor.elementor-drop-cap-view-stacked .elementor-drop-cap{background-color:#69727d;color:#fff}.elementor-widget-text-editor.elementor-drop-cap-view-framed .elementor-drop-cap{color:#69727d;border:3px solid;background-color:transparent}.elementor-widget-text-editor:not(.elementor-drop-cap-view-default) .elementor-drop-cap{margin-top:8px}.elementor-widget-text-editor:not(.elementor-drop-cap-view-default) .elementor-drop-cap-letter{width:1em;height:1em}.elementor-widget-text-editor .elementor-drop-cap{float:left;text-align:center;line-height:1;font-size:50px}.elementor-widget-text-editor .elementor-drop-cap-letter{display:inline-block}<\/style>\t\t\t\t<p>Bienvenue sur le site web repr\u00e9sentant CAJUA PROPRIETES<\/p>\n<p>Adresse : 17 Bd Champfleury, 84000 Avignon<\/p>\n<p>Phone : + 33 (0) 4 90 860 860 Mail : <a href=\"mailto:p.eleouet@gmail.com\">contact@cajua.ch<\/a><\/p>\n<p class=\"p1\">\u00c0 propos de la France<\/p>\n<p class=\"p1\">ELTIMMO &#8211; CAJUA-PROPRIETES France, r\u00e9guli\u00e8rement inscrite au RSC Avignon n\u00b0 489 244 327 et titulaire de la carte professionnelle CPI 8401 2018 000 027 563 d\u00e9livr\u00e9e par la CCI du Vaucluse.<\/p>\n<p class=\"p1\">G\u00e9n\u00e9ral<\/p>\n<p class=\"p1\">En acc\u00e9dant aux pages web de notre site www.cajua.ch, vous d\u00e9clarez avoir compris et accept\u00e9 les conditions d&#8217;utilisation et les mentions l\u00e9gales y aff\u00e9rentes.<\/p>\n<p class=\"p1\">Contenu<\/p>\n<p class=\"p1\">Notre site Internet vous permet notamment d&#8217;obtenir des informations sur notre entreprise, de consulter les biens immobiliers que nous proposons \u00e0 la vente ainsi que les articles que nous publions sur notre secteur d&#8217;activit\u00e9.<\/p>\n<p class=\"p1\">Les informations contenues sur ce site sont fournies \u00e0 titre informatif et non contractuelles, ces derni\u00e8res \u00e9tant susceptibles d&#8217;\u00e9voluer en fonction de l&#8217;\u00e9volution du march\u00e9.<\/p>\n<p>Mention l\u00e9gale<\/p>\n<p>Utilisation du site Internet<\/p>\n<p>Tout le contenu de notre site est prot\u00e9g\u00e9 par le droit d&#8217;auteur et, sauf disposition contraire, est la propri\u00e9t\u00e9 exclusive et totale de CAJUA PROPRIETES. Le fait d&#8217;ouvrir des pages, de les t\u00e9l\u00e9charger ou de les copier n&#8217;entra\u00eene pas l&#8217;acquisition de droits (droits d&#8217;utilisation, droits de propri\u00e9t\u00e9 intellectuelle, etc.). Sans autorisation \u00e9crite pr\u00e9alable, il est strictement interdit de reproduire, transmettre (par quelque moyen que ce soit), modifier, lier ou utiliser notre site Internet \u00e0 des fins publiques, commerciales ou priv\u00e9es. De m\u00eame, toute utilisation non autoris\u00e9e du contenu et de notre site Internet fera l\u2019objet de poursuites judiciaires.<\/p>\n<p>Exclusion de garantie et de responsabilit\u00e9<\/p>\n<p>CAJUA PROPRIETES d\u00e9cline toute responsabilit\u00e9 pour toute perte ou dommage, quel qu&#8217;il soit, r\u00e9sultant de l&#8217;acc\u00e8s ou de l&#8217;utilisation du site Internet, ou provoqu\u00e9s par des liens vers des sites Internet de tiers pr\u00e9sents sur notre site Internet. site. Toute responsabilit\u00e9 est \u00e9galement exclue en cas de manque \u00e0 gagner, d&#8217;erreur Internet, quelle qu&#8217;elle soit (par exemple interruption de fonctionnement, dysfonctionnements, virus, composants dommageables, actes terroristes, etc.), d&#8217;abus de tiers (consultation de donn\u00e9es, copies , etc.) ou perte de programmes ou autres donn\u00e9es dans vos syst\u00e8mes d\u2019information.<\/p>\n<p>Liens vers d&#8217;autres sites Web<\/p>\n<p>Certains liens pr\u00e9sents sur notre site Internet donnent acc\u00e8s \u00e0 des sites Internet de tiers sur lesquels nous n&#8217;avons aucune influence. Nous n&#8217;assumons donc aucune responsabilit\u00e9 quant \u00e0 l&#8217;exhaustivit\u00e9, l&#8217;exhaustivit\u00e9 et la l\u00e9galit\u00e9 du contenu et des liens vers d&#8217;autres sites qui y apparaissent ou pour les produits, offres et services qui y sont pr\u00e9sent\u00e9s. Il en est de m\u00eame lorsque ces sites comportent le logo de notre marque CAJUA PROPRIETES ou une autre appellation prot\u00e9g\u00e9e. L&#8217;acc\u00e8s aux sites Internet accessibles par liens se fait sous votre propre responsabilit\u00e9.<\/p>\n<p>politique de confidentialit\u00e9<\/p>\n<p>Dispositions relatives \u00e0 la protection des donn\u00e9es<\/p>\n<p>La protection de votre vie priv\u00e9e et la s\u00e9curit\u00e9 de vos donn\u00e9es personnelles nous tiennent particuli\u00e8rement \u00e0 c\u0153ur. Les donn\u00e9es que vous transmettez sont trait\u00e9es avec le plus grand soin. Lorsque vous utilisez notre site Internet, nos applications respectent les dispositions applicables de la l\u00e9gislation sur la protection des donn\u00e9es.<\/p>\n<p>Lors de l&#8217;acc\u00e8s \u00e0 notre site Internet et en cas de contact ou de communication \u00e9lectronique, les donn\u00e9es des utilisateurs transitent par un r\u00e9seau ouvert, accessible \u00e0 tous. M\u00eame si la transmission se fait sous forme de paquets crypt\u00e9s, les informations sur l&#8217;exp\u00e9diteur et le destinataire ne sont pas crypt\u00e9es. Il n&#8217;est donc pas exclu que des tiers aient acc\u00e8s \u00e0 ces informations.<\/p>\n<p>Vos donn\u00e9es seront trait\u00e9es exclusivement aux fins pour lesquelles vous nous les avez fournies ou en lien \u00e9vident avec ces finalit\u00e9s. Dans le cadre de la fourniture de nos services et des mesures de satisfaction client, nous pouvons \u00eatre amen\u00e9s \u00e0 travailler avec des soci\u00e9t\u00e9s ind\u00e9pendantes. Nous surveillons attentivement ces tiers, qui sont contractuellement tenus de respecter les r\u00e8gles de protection des donn\u00e9es.<\/p>\n<p>En communiquant vos donn\u00e9es personnelles, vous d\u00e9clarez \u00e9galement consentir \u00e0 ce qu&#8217;elles soient utilis\u00e9es \u00e0 des fins marketing ou publicitaires ainsi que pour le suivi des relations clients existantes et futures de l&#8217;ensemble des soci\u00e9t\u00e9s du groupe qui sont les suivantes : CAJUA PROPRIETES&nbsp;17 Bd Champfleury, 84000 Avignon<\/p>\n<p>La confidentialit\u00e9 des communications par courrier \u00e9lectronique n&#8217;est pas garantie. Par ailleurs, un \u00e9change ou une demande d&#8217;informations via ce site n&#8217;a aucune valeur juridique et ne peut en aucun cas \u00eatre consid\u00e9r\u00e9 comme une transaction.<\/p>\n<p>L&#8217;utilisation des m\u00e9dias \u00e9lectroniques (Internet, courrier \u00e9lectronique, etc.) comporte des risques de virus et d&#8217;attaques cibl\u00e9es de pirates informatiques contre lesquels il vous appartient de vous prot\u00e9ger.<\/p>\n<p>Formulaire d&#8217;inscription personnel<\/p>\n<p>les informations collect\u00e9es \u00e0 partir des formulaires d&#8217;inscription (telles que nom, pr\u00e9nom, adresse, t\u00e9l\u00e9phone ou adresse e-mail) sont utilis\u00e9es pour vous envoyer des informations relatives \u00e0 nos produits et services et sont destin\u00e9es \u00e0 \u00eatre partag\u00e9es.<\/p>\n<p>Donn\u00e9es personnelles<\/p>\n<p>Lors de l&#8217;acc\u00e8s \u00e0 notre site Web, des cookies ou des balises Web sp\u00e9cifiques peuvent \u00eatre utilis\u00e9s pour obtenir des donn\u00e9es non personnelles sur l&#8217;utilisation de ce site Web. Ces donn\u00e9es sont prot\u00e9g\u00e9es contre tout acc\u00e8s non autoris\u00e9 et ne sont pas communiqu\u00e9es \u00e0 des tiers ext\u00e9rieurs \u00e0 CAJUA PROPRIETES&nbsp; et \u00e0 la soci\u00e9t\u00e9 qui con\u00e7oit notre site Internet. Nous analysons les donn\u00e9es uniquement de mani\u00e8re anonyme et \u00e0 des fins statistiques. Nous n&#8217;utilisons pas de donn\u00e9es personnelles, sauf autorisation expresse de l&#8217;utilisateur. Au sein de CAJUA PROPRIETES, les donn\u00e9es personnelles sont transmises et stock\u00e9es dans un environnement s\u00e9curis\u00e9. Nous prenons toutes les mesures appropri\u00e9es pour que les donn\u00e9es personnelles ne soient pas accessibles \u00e0 des tiers autres que nos partenaires habilit\u00e9s. Pour toute question relative \u00e0 la protection des donn\u00e9es, vous pouvez contacter notre si\u00e8ge social \u00e0 l&#8217;adresse postale suivante : CAJUA PROPRIETES&nbsp;17 Bd Champfleury, 84000 Avignon<\/p>\n<p>Comment entrer en contact avec CAJUA PROPRIETES<\/p>\n<p>www.cajua.ch ou par email \u00e0 contact@cajua.ch Droit applicable et for Le for exclusif pour tous les litiges \u00e9ventuels li\u00e9s \u00e0 l&#8217;utilisation de notre site internet est situ\u00e9 au si\u00e8ge social 17 Bd Champfleury, 84000 Avignon<\/p>\n<p class=\"p1\">En mati\u00e8re de lutte contre le blanchiment d\u2019argent, notre adh\u00e9sion aux directives de TRACFIN renforce notre engagement envers l\u2019int\u00e9grit\u00e9 financi\u00e8re, en travaillant avec CAJUA PROPRIETES vous avez l\u2019assurance que chaque transaction est minutieusement examin\u00e9e.<\/p><p class=\"p1\">Cr\u00e9ation et Webmaster <a href=\"http:\/\/www.kanasta.eu\">www.kanasta.eu<\/a>&nbsp;<\/p>\t\t\t\t\t\t<\/div>\n\t\t\t\t<\/div>\n\t\t\t\t\t<\/div>\n\t\t\t\t<\/div>\n\t\t\t\t\t\t\t<\/div>\n\t\t","protected":false},"excerpt":{"rendered":"<p>Bienvenue sur le site web repr\u00e9sentant CAJUA PROPRIETES Adresse : 17 Bd Champfleury, 84000 Avignon Phone : + 33 (0) 4 90 860 860 Mail : contact@cajua.ch \u00c0 propos de la France ELTIMMO &#8211; CAJUA-PROPRIETES France, r\u00e9guli\u00e8rement inscrite au RSC Avignon n\u00b0 489 244 327 et titulaire de la carte professionnelle CPI 8401 2018 000 027 563 d\u00e9livr\u00e9e par la CCI du Vaucluse. G\u00e9n\u00e9ral &#8230;<\/p>\n","protected":false},"author":1,"featured_media":0,"parent":0,"menu_order":0,"comment_status":"closed","ping_status":"closed","template":"terms_conditions.php","meta":{"_monsterinsights_skip_tracking":false,"_monsterinsights_sitenote_active":false,"_monsterinsights_sitenote_note":"","_monsterinsights_sitenote_category":0,"footnotes":""},"yoast_head":"<!-- This site is optimized with the Yoast SEO plugin v21.7 - https:\/\/yoast.com\/wordpress\/plugins\/seo\/ -->\n<title>Legal Notice and Privacy Policy - Cajua Proprietes<\/title>\n<meta name=\"robots\" content=\"index, follow, max-snippet:-1, max-image-preview:large, max-video-preview:-1\" \/>\n<link rel=\"canonical\" href=\"https:\/\/cajua.ch\/?page_id=5275\" \/>\n<meta property=\"og:locale\" content=\"en_US\" \/>\n<meta property=\"og:type\" content=\"article\" \/>\n<meta property=\"og:title\" content=\"Legal Notice and Privacy Policy - Cajua Proprietes\" \/>\n<meta property=\"og:description\" content=\"Bienvenue sur le site web repr\u00e9sentant CAJUA PROPRIETES Adresse : 17 Bd Champfleury, 84000 Avignon Phone : + 33 (0) 4 90 860 860 Mail : contact@cajua.ch \u00c0 propos de la France ELTIMMO &#8211; CAJUA-PROPRIETES France, r\u00e9guli\u00e8rement inscrite au RSC Avignon n\u00b0 489 244 327 et titulaire de la carte professionnelle CPI 8401 2018 000 027 563 d\u00e9livr\u00e9e par la CCI du Vaucluse. G\u00e9n\u00e9ral ...\" \/>\n<meta property=\"og:url\" content=\"https:\/\/cajua.ch\/?page_id=5275\" \/>\n<meta property=\"og:site_name\" content=\"Cajua Proprietes\" \/>\n<meta property=\"article:modified_time\" content=\"2024-12-23T14:54:29+00:00\" \/>\n<meta name=\"twitter:card\" content=\"summary_large_image\" \/>\n<meta name=\"twitter:label1\" content=\"Est. reading time\" \/>\n\t<meta name=\"twitter:data1\" content=\"5 minutes\" \/>\n<script type=\"application\/ld+json\" class=\"yoast-schema-graph\">{\"@context\":\"https:\/\/schema.org\",\"@graph\":[{\"@type\":\"WebPage\",\"@id\":\"https:\/\/cajua.ch\/?page_id=5275\",\"url\":\"https:\/\/cajua.ch\/?page_id=5275\",\"name\":\"Legal Notice and Privacy Policy - Cajua Proprietes\",\"isPartOf\":{\"@id\":\"https:\/\/cajua.ch\/#website\"},\"datePublished\":\"2014-05-24T13:51:08+00:00\",\"dateModified\":\"2024-12-23T14:54:29+00:00\",\"breadcrumb\":{\"@id\":\"https:\/\/cajua.ch\/?page_id=5275#breadcrumb\"},\"inLanguage\":\"en-US\",\"potentialAction\":[{\"@type\":\"ReadAction\",\"target\":[\"https:\/\/cajua.ch\/?page_id=5275\"]}]},{\"@type\":\"BreadcrumbList\",\"@id\":\"https:\/\/cajua.ch\/?page_id=5275#breadcrumb\",\"itemListElement\":[{\"@type\":\"ListItem\",\"position\":1,\"name\":\"Accueil\",\"item\":\"https:\/\/cajua.ch\/\"},{\"@type\":\"ListItem\",\"position\":2,\"name\":\"Legal Notice and Privacy Policy\"}]},{\"@type\":\"WebSite\",\"@id\":\"https:\/\/cajua.ch\/#website\",\"url\":\"https:\/\/cajua.ch\/\",\"name\":\"Cajua Proprietes\",\"description\":\"Services immobiliers personnalis\u00e9s L\u00e9man Provence\",\"publisher\":{\"@id\":\"https:\/\/cajua.ch\/#organization\"},\"potentialAction\":[{\"@type\":\"SearchAction\",\"target\":{\"@type\":\"EntryPoint\",\"urlTemplate\":\"https:\/\/cajua.ch\/?s={search_term_string}\"},\"query-input\":\"required name=search_term_string\"}],\"inLanguage\":\"en-US\"},{\"@type\":\"Organization\",\"@id\":\"https:\/\/cajua.ch\/#organization\",\"name\":\"Cajua Proprietes\",\"url\":\"https:\/\/cajua.ch\/\",\"logo\":{\"@type\":\"ImageObject\",\"inLanguage\":\"en-US\",\"@id\":\"https:\/\/cajua.ch\/#\/schema\/logo\/image\/\",\"url\":\"https:\/\/cajua.ch\/wp-content\/uploads\/2024\/02\/logo-base-2.jpg\",\"contentUrl\":\"https:\/\/cajua.ch\/wp-content\/uploads\/2024\/02\/logo-base-2.jpg\",\"width\":250,\"height\":149,\"caption\":\"Cajua Proprietes\"},\"image\":{\"@id\":\"https:\/\/cajua.ch\/#\/schema\/logo\/image\/\"}}]}<\/script>\n<!-- \/ Yoast SEO plugin. -->","yoast_head_json":{"title":"Legal Notice and Privacy Policy - Cajua Proprietes","robots":{"index":"index","follow":"follow","max-snippet":"max-snippet:-1","max-image-preview":"max-image-preview:large","max-video-preview":"max-video-preview:-1"},"canonical":"https:\/\/cajua.ch\/?page_id=5275","og_locale":"en_US","og_type":"article","og_title":"Legal Notice and Privacy Policy - Cajua Proprietes","og_description":"Bienvenue sur le site web repr\u00e9sentant CAJUA PROPRIETES Adresse : 17 Bd Champfleury, 84000 Avignon Phone : + 33 (0) 4 90 860 860 Mail : contact@cajua.ch \u00c0 propos de la France ELTIMMO &#8211; CAJUA-PROPRIETES France, r\u00e9guli\u00e8rement inscrite au RSC Avignon n\u00b0 489 244 327 et titulaire de la carte professionnelle CPI 8401 2018 000 027 563 d\u00e9livr\u00e9e par la CCI du Vaucluse. G\u00e9n\u00e9ral ...","og_url":"https:\/\/cajua.ch\/?page_id=5275","og_site_name":"Cajua Proprietes","article_modified_time":"2024-12-23T14:54:29+00:00","twitter_card":"summary_large_image","twitter_misc":{"Est. reading time":"5 minutes"},"schema":{"@context":"https:\/\/schema.org","@graph":[{"@type":"WebPage","@id":"https:\/\/cajua.ch\/?page_id=5275","url":"https:\/\/cajua.ch\/?page_id=5275","name":"Legal Notice and Privacy Policy - Cajua Proprietes","isPartOf":{"@id":"https:\/\/cajua.ch\/#website"},"datePublished":"2014-05-24T13:51:08+00:00","dateModified":"2024-12-23T14:54:29+00:00","breadcrumb":{"@id":"https:\/\/cajua.ch\/?page_id=5275#breadcrumb"},"inLanguage":"en-US","potentialAction":[{"@type":"ReadAction","target":["https:\/\/cajua.ch\/?page_id=5275"]}]},{"@type":"BreadcrumbList","@id":"https:\/\/cajua.ch\/?page_id=5275#breadcrumb","itemListElement":[{"@type":"ListItem","position":1,"name":"Accueil","item":"https:\/\/cajua.ch\/"},{"@type":"ListItem","position":2,"name":"Legal Notice and Privacy Policy"}]},{"@type":"WebSite","@id":"https:\/\/cajua.ch\/#website","url":"https:\/\/cajua.ch\/","name":"Cajua Proprietes","description":"Services immobiliers personnalis\u00e9s L\u00e9man Provence","publisher":{"@id":"https:\/\/cajua.ch\/#organization"},"potentialAction":[{"@type":"SearchAction","target":{"@type":"EntryPoint","urlTemplate":"https:\/\/cajua.ch\/?s={search_term_string}"},"query-input":"required name=search_term_string"}],"inLanguage":"en-US"},{"@type":"Organization","@id":"https:\/\/cajua.ch\/#organization","name":"Cajua Proprietes","url":"https:\/\/cajua.ch\/","logo":{"@type":"ImageObject","inLanguage":"en-US","@id":"https:\/\/cajua.ch\/#\/schema\/logo\/image\/","url":"https:\/\/cajua.ch\/wp-content\/uploads\/2024\/02\/logo-base-2.jpg","contentUrl":"https:\/\/cajua.ch\/wp-content\/uploads\/2024\/02\/logo-base-2.jpg","width":250,"height":149,"caption":"Cajua Proprietes"},"image":{"@id":"https:\/\/cajua.ch\/#\/schema\/logo\/image\/"}}]}},"_links":{"self":[{"href":"https:\/\/cajua.ch\/index.php?rest_route=\/wp\/v2\/pages\/5275"}],"collection":[{"href":"https:\/\/cajua.ch\/index.php?rest_route=\/wp\/v2\/pages"}],"about":[{"href":"https:\/\/cajua.ch\/index.php?rest_route=\/wp\/v2\/types\/page"}],"author":[{"embeddable":true,"href":"https:\/\/cajua.ch\/index.php?rest_route=\/wp\/v2\/users\/1"}],"replies":[{"embeddable":true,"href":"https:\/\/cajua.ch\/index.php?rest_route=%2Fwp%2Fv2%2Fcomments&post=5275"}],"version-history":[{"count":20,"href":"https:\/\/cajua.ch\/index.php?rest_route=\/wp\/v2\/pages\/5275\/revisions"}],"predecessor-version":[{"id":24554,"href":"https:\/\/cajua.ch\/index.php?rest_route=\/wp\/v2\/pages\/5275\/revisions\/24554"}],"wp:attachment":[{"href":"https:\/\/cajua.ch\/index.php?rest_route=%2Fwp%2Fv2%2Fmedia&parent=5275"}],"curies":[{"name":"wp","href":"https:\/\/api.w.org\/{rel}","templated":true}]}}