{"id":5707,"date":"2015-02-19T09:48:19","date_gmt":"2015-02-19T09:48:19","guid":{"rendered":"http:\/\/demo2.wpresidence.net\/?page_id=5707"},"modified":"2024-05-29T11:46:01","modified_gmt":"2024-05-29T09:46:01","slug":"contact-us","status":"publish","type":"page","link":"https:\/\/cajua.ch\/?page_id=5707","title":{"rendered":"Contactez nous"},"content":{"rendered":"\t\t<div data-elementor-type=\"wp-page\" data-elementor-id=\"5707\" class=\"elementor elementor-5707\">\n\t\t\t\t\t\t\t<div class=\"elementor-element elementor-element-7f6bfe81 e-flex e-con-boxed e-con e-parent\" data-id=\"7f6bfe81\" data-element_type=\"container\" data-settings=\"{&quot;content_width&quot;:&quot;boxed&quot;}\" data-core-v316-plus=\"true\">\n\t\t\t\t\t<div class=\"e-con-inner\">\n\t\t\t\t<div class=\"elementor-element elementor-element-5566268b elementor-widget elementor-widget-text-editor\" data-id=\"5566268b\" data-element_type=\"widget\" data-widget_type=\"text-editor.default\">\n\t\t\t\t<div class=\"elementor-widget-container\">\n\t\t\t<style>\/*! elementor - v3.18.0 - 08-12-2023 *\/\n.elementor-widget-text-editor.elementor-drop-cap-view-stacked .elementor-drop-cap{background-color:#69727d;color:#fff}.elementor-widget-text-editor.elementor-drop-cap-view-framed .elementor-drop-cap{color:#69727d;border:3px solid;background-color:transparent}.elementor-widget-text-editor:not(.elementor-drop-cap-view-default) .elementor-drop-cap{margin-top:8px}.elementor-widget-text-editor:not(.elementor-drop-cap-view-default) .elementor-drop-cap-letter{width:1em;height:1em}.elementor-widget-text-editor .elementor-drop-cap{float:left;text-align:center;line-height:1;font-size:50px}.elementor-widget-text-editor .elementor-drop-cap-letter{display:inline-block}<\/style>\t\t\t\t<p class=\"p1\">Si vous envisagez de vendre votre maison, Cajua Properties facilite votre d\u00e9marche, votre propri\u00e9t\u00e9 est \u00ab unique \u00bb et notre engagement et celui de nos \u00e9quipes est de pr\u00e9senter votre propri\u00e9t\u00e9 \u00e0 la vente \u00e0 la hauteur de sa valeur avec une commercialisation associ\u00e9e dans un march\u00e9 qui est de plus en plus complexe avec des standards toujours plus denses et nouveaux !<\/p><p class=\"p1\">Nous offrons \u00e0 nos clients une richesse de connaissances sur tous les aspects de la vente pour trouver le meilleur acheteur et compl\u00e9ter votre dossier pour votre plus grand profit, avec une v\u00e9ritable \u0153uvre d&#8217;art discr\u00e8te.<\/p><p class=\"p1\">Nos \u00e9quipes peuvent \u00e9galement \u00eatre sollicit\u00e9es pour trouver le bien ou l&#8217;appartement de vos r\u00eaves dans la r\u00e9gion qui vous attire, avec une \u00e9quipe restreinte et exp\u00e9riment\u00e9e qui vit au c\u0153ur des r\u00e9gions cibl\u00e9es.<\/p><p class=\"p1\">En discussion sur de nouveaux programmes immobiliers, la sp\u00e9cification de votre projet est notre quotidien, nous serions ravis d&#8217;avoir l&#8217;opportunit\u00e9 de vous aider.<\/p><p class=\"p1\">Nous traitons pour vous, nous n\u00e9gocions pour vous !<\/p><p class=\"p1\">Nous g\u00e9rons pour vous les formalit\u00e9s de vente : notaire, etc. !<\/p><p class=\"p1\">N&#8217;h\u00e9sitez pas \u00e0 nous contacter pour toute question !<\/p>\t\t\t\t\t\t<\/div>\n\t\t\t\t<\/div>\n\t\t\t\t\t<\/div>\n\t\t\t\t<\/div>\n\t\t<div class=\"elementor-element elementor-element-76026ca e-flex e-con-boxed e-con e-parent\" data-id=\"76026ca\" data-element_type=\"container\" data-settings=\"{&quot;content_width&quot;:&quot;boxed&quot;}\" data-core-v316-plus=\"true\">\n\t\t\t\t\t<div class=\"e-con-inner\">\n\t\t\t\t<div class=\"elementor-element elementor-element-753af5c elementor-invisible elementor-widget elementor-widget-image\" data-id=\"753af5c\" data-element_type=\"widget\" data-settings=\"{&quot;_animation&quot;:&quot;fadeInUp&quot;}\" data-widget_type=\"image.default\">\n\t\t\t\t<div class=\"elementor-widget-container\">\n\t\t\t<style>\/*! elementor - v3.18.0 - 08-12-2023 *\/\n.elementor-widget-image{text-align:center}.elementor-widget-image a{display:inline-block}.elementor-widget-image a img[src$=\".svg\"]{width:48px}.elementor-widget-image img{vertical-align:middle;display:inline-block}<\/style>\t\t\t\t\t\t\t\t\t\t\t\t<img fetchpriority=\"high\" decoding=\"async\" width=\"1024\" height=\"408\" src=\"https:\/\/cajua.ch\/wp-content\/uploads\/2024\/02\/AdobeStock_207933510-1-1024x408.jpeg\" class=\"attachment-large size-large wp-image-24056\" alt=\"\" srcset=\"https:\/\/cajua.ch\/wp-content\/uploads\/2024\/02\/AdobeStock_207933510-1-1024x408.jpeg 1024w, https:\/\/cajua.ch\/wp-content\/uploads\/2024\/02\/AdobeStock_207933510-1-300x119.jpeg 300w, https:\/\/cajua.ch\/wp-content\/uploads\/2024\/02\/AdobeStock_207933510-1-768x306.jpeg 768w, https:\/\/cajua.ch\/wp-content\/uploads\/2024\/02\/AdobeStock_207933510-1-1536x611.jpeg 1536w, https:\/\/cajua.ch\/wp-content\/uploads\/2024\/02\/AdobeStock_207933510-1-2048x815.jpeg 2048w\" sizes=\"(max-width: 1024px) 100vw, 1024px\" \/>\t\t\t\t\t\t\t\t\t\t\t\t\t\t\t<\/div>\n\t\t\t\t<\/div>\n\t\t\t\t\t<\/div>\n\t\t\t\t<\/div>\n\t\t\t\t\t\t\t<\/div>\n\t\t","protected":false},"excerpt":{"rendered":"<p>Si vous envisagez de vendre votre maison, Cajua Properties facilite votre d\u00e9marche, votre propri\u00e9t\u00e9 est \u00ab unique \u00bb et notre engagement et celui de nos \u00e9quipes est de pr\u00e9senter votre propri\u00e9t\u00e9 \u00e0 la vente \u00e0 la hauteur de sa valeur avec une commercialisation associ\u00e9e dans un march\u00e9 qui est de plus en plus complexe avec des standards toujours plus denses et nouveaux ! Nous &#8230;<\/p>\n","protected":false},"author":1,"featured_media":0,"parent":0,"menu_order":0,"comment_status":"open","ping_status":"open","template":"contact_page.php","meta":{"_monsterinsights_skip_tracking":false,"_monsterinsights_sitenote_active":false,"_monsterinsights_sitenote_note":"","_monsterinsights_sitenote_category":0,"footnotes":""},"yoast_head":"<!-- This site is optimized with the Yoast SEO plugin v21.7 - https:\/\/yoast.com\/wordpress\/plugins\/seo\/ -->\n<title>Contactez nous - Cajua Proprietes<\/title>\n<meta name=\"robots\" content=\"index, follow, max-snippet:-1, max-image-preview:large, max-video-preview:-1\" \/>\n<link rel=\"canonical\" href=\"https:\/\/cajua.ch\/?page_id=5707\" \/>\n<meta property=\"og:locale\" content=\"en_US\" \/>\n<meta property=\"og:type\" content=\"article\" \/>\n<meta property=\"og:title\" content=\"Contactez nous - Cajua Proprietes\" \/>\n<meta property=\"og:description\" content=\"Si vous envisagez de vendre votre maison, Cajua Properties facilite votre d\u00e9marche, votre propri\u00e9t\u00e9 est \u00ab unique \u00bb et notre engagement et celui de nos \u00e9quipes est de pr\u00e9senter votre propri\u00e9t\u00e9 \u00e0 la vente \u00e0 la hauteur de sa valeur avec une commercialisation associ\u00e9e dans un march\u00e9 qui est de plus en plus complexe avec des standards toujours plus denses et nouveaux ! Nous ...\" \/>\n<meta property=\"og:url\" content=\"https:\/\/cajua.ch\/?page_id=5707\" \/>\n<meta property=\"og:site_name\" content=\"Cajua Proprietes\" \/>\n<meta property=\"article:modified_time\" content=\"2024-05-29T09:46:01+00:00\" \/>\n<meta property=\"og:image\" content=\"http:\/\/cajua.ch\/wp-content\/uploads\/2024\/02\/AdobeStock_207933510-1-1024x408.jpeg\" \/>\n<meta name=\"twitter:card\" content=\"summary_large_image\" \/>\n<meta name=\"twitter:label1\" content=\"Est. reading time\" \/>\n\t<meta name=\"twitter:data1\" content=\"2 minutes\" \/>\n<script type=\"application\/ld+json\" class=\"yoast-schema-graph\">{\"@context\":\"https:\/\/schema.org\",\"@graph\":[{\"@type\":\"WebPage\",\"@id\":\"https:\/\/cajua.ch\/?page_id=5707\",\"url\":\"https:\/\/cajua.ch\/?page_id=5707\",\"name\":\"Contactez nous - Cajua Proprietes\",\"isPartOf\":{\"@id\":\"https:\/\/cajua.ch\/#website\"},\"datePublished\":\"2015-02-19T09:48:19+00:00\",\"dateModified\":\"2024-05-29T09:46:01+00:00\",\"breadcrumb\":{\"@id\":\"https:\/\/cajua.ch\/?page_id=5707#breadcrumb\"},\"inLanguage\":\"en-US\",\"potentialAction\":[{\"@type\":\"ReadAction\",\"target\":[\"https:\/\/cajua.ch\/?page_id=5707\"]}]},{\"@type\":\"BreadcrumbList\",\"@id\":\"https:\/\/cajua.ch\/?page_id=5707#breadcrumb\",\"itemListElement\":[{\"@type\":\"ListItem\",\"position\":1,\"name\":\"Accueil\",\"item\":\"https:\/\/cajua.ch\/\"},{\"@type\":\"ListItem\",\"position\":2,\"name\":\"Contactez nous\"}]},{\"@type\":\"WebSite\",\"@id\":\"https:\/\/cajua.ch\/#website\",\"url\":\"https:\/\/cajua.ch\/\",\"name\":\"Cajua Proprietes\",\"description\":\"Services immobiliers personnalis\u00e9s L\u00e9man Provence\",\"publisher\":{\"@id\":\"https:\/\/cajua.ch\/#organization\"},\"potentialAction\":[{\"@type\":\"SearchAction\",\"target\":{\"@type\":\"EntryPoint\",\"urlTemplate\":\"https:\/\/cajua.ch\/?s={search_term_string}\"},\"query-input\":\"required name=search_term_string\"}],\"inLanguage\":\"en-US\"},{\"@type\":\"Organization\",\"@id\":\"https:\/\/cajua.ch\/#organization\",\"name\":\"Cajua Proprietes\",\"url\":\"https:\/\/cajua.ch\/\",\"logo\":{\"@type\":\"ImageObject\",\"inLanguage\":\"en-US\",\"@id\":\"https:\/\/cajua.ch\/#\/schema\/logo\/image\/\",\"url\":\"https:\/\/cajua.ch\/wp-content\/uploads\/2024\/02\/logo-base-2.jpg\",\"contentUrl\":\"https:\/\/cajua.ch\/wp-content\/uploads\/2024\/02\/logo-base-2.jpg\",\"width\":250,\"height\":149,\"caption\":\"Cajua Proprietes\"},\"image\":{\"@id\":\"https:\/\/cajua.ch\/#\/schema\/logo\/image\/\"}}]}<\/script>\n<!-- \/ Yoast SEO plugin. -->","yoast_head_json":{"title":"Contactez nous - Cajua Proprietes","robots":{"index":"index","follow":"follow","max-snippet":"max-snippet:-1","max-image-preview":"max-image-preview:large","max-video-preview":"max-video-preview:-1"},"canonical":"https:\/\/cajua.ch\/?page_id=5707","og_locale":"en_US","og_type":"article","og_title":"Contactez nous - Cajua Proprietes","og_description":"Si vous envisagez de vendre votre maison, Cajua Properties facilite votre d\u00e9marche, votre propri\u00e9t\u00e9 est \u00ab unique \u00bb et notre engagement et celui de nos \u00e9quipes est de pr\u00e9senter votre propri\u00e9t\u00e9 \u00e0 la vente \u00e0 la hauteur de sa valeur avec une commercialisation associ\u00e9e dans un march\u00e9 qui est de plus en plus complexe avec des standards toujours plus denses et nouveaux ! Nous ...","og_url":"https:\/\/cajua.ch\/?page_id=5707","og_site_name":"Cajua Proprietes","article_modified_time":"2024-05-29T09:46:01+00:00","og_image":[{"url":"http:\/\/cajua.ch\/wp-content\/uploads\/2024\/02\/AdobeStock_207933510-1-1024x408.jpeg"}],"twitter_card":"summary_large_image","twitter_misc":{"Est. reading time":"2 minutes"},"schema":{"@context":"https:\/\/schema.org","@graph":[{"@type":"WebPage","@id":"https:\/\/cajua.ch\/?page_id=5707","url":"https:\/\/cajua.ch\/?page_id=5707","name":"Contactez nous - Cajua Proprietes","isPartOf":{"@id":"https:\/\/cajua.ch\/#website"},"datePublished":"2015-02-19T09:48:19+00:00","dateModified":"2024-05-29T09:46:01+00:00","breadcrumb":{"@id":"https:\/\/cajua.ch\/?page_id=5707#breadcrumb"},"inLanguage":"en-US","potentialAction":[{"@type":"ReadAction","target":["https:\/\/cajua.ch\/?page_id=5707"]}]},{"@type":"BreadcrumbList","@id":"https:\/\/cajua.ch\/?page_id=5707#breadcrumb","itemListElement":[{"@type":"ListItem","position":1,"name":"Accueil","item":"https:\/\/cajua.ch\/"},{"@type":"ListItem","position":2,"name":"Contactez nous"}]},{"@type":"WebSite","@id":"https:\/\/cajua.ch\/#website","url":"https:\/\/cajua.ch\/","name":"Cajua Proprietes","description":"Services immobiliers personnalis\u00e9s L\u00e9man Provence","publisher":{"@id":"https:\/\/cajua.ch\/#organization"},"potentialAction":[{"@type":"SearchAction","target":{"@type":"EntryPoint","urlTemplate":"https:\/\/cajua.ch\/?s={search_term_string}"},"query-input":"required name=search_term_string"}],"inLanguage":"en-US"},{"@type":"Organization","@id":"https:\/\/cajua.ch\/#organization","name":"Cajua Proprietes","url":"https:\/\/cajua.ch\/","logo":{"@type":"ImageObject","inLanguage":"en-US","@id":"https:\/\/cajua.ch\/#\/schema\/logo\/image\/","url":"https:\/\/cajua.ch\/wp-content\/uploads\/2024\/02\/logo-base-2.jpg","contentUrl":"https:\/\/cajua.ch\/wp-content\/uploads\/2024\/02\/logo-base-2.jpg","width":250,"height":149,"caption":"Cajua Proprietes"},"image":{"@id":"https:\/\/cajua.ch\/#\/schema\/logo\/image\/"}}]}},"_links":{"self":[{"href":"https:\/\/cajua.ch\/index.php?rest_route=\/wp\/v2\/pages\/5707"}],"collection":[{"href":"https:\/\/cajua.ch\/index.php?rest_route=\/wp\/v2\/pages"}],"about":[{"href":"https:\/\/cajua.ch\/index.php?rest_route=\/wp\/v2\/types\/page"}],"author":[{"embeddable":true,"href":"https:\/\/cajua.ch\/index.php?rest_route=\/wp\/v2\/users\/1"}],"replies":[{"embeddable":true,"href":"https:\/\/cajua.ch\/index.php?rest_route=%2Fwp%2Fv2%2Fcomments&post=5707"}],"version-history":[{"count":47,"href":"https:\/\/cajua.ch\/index.php?rest_route=\/wp\/v2\/pages\/5707\/revisions"}],"predecessor-version":[{"id":24452,"href":"https:\/\/cajua.ch\/index.php?rest_route=\/wp\/v2\/pages\/5707\/revisions\/24452"}],"wp:attachment":[{"href":"https:\/\/cajua.ch\/index.php?rest_route=%2Fwp%2Fv2%2Fmedia&parent=5707"}],"curies":[{"name":"wp","href":"https:\/\/api.w.org\/{rel}","templated":true}]}}