{"id":93,"date":"2014-05-26T15:15:20","date_gmt":"2014-05-26T15:15:20","guid":{"rendered":"http:\/\/wpresidence.net\/?page_id=93"},"modified":"2024-06-26T16:44:09","modified_gmt":"2024-06-26T14:44:09","slug":"trouver-votre-demeure","status":"publish","type":"page","link":"https:\/\/cajua.ch\/?page_id=93","title":{"rendered":"Trouver votre demeure"},"content":{"rendered":"\t\t<div data-elementor-type=\"wp-page\" data-elementor-id=\"93\" class=\"elementor elementor-93\">\n\t\t\t\t\t\t\t<div class=\"elementor-element elementor-element-161508ac e-flex e-con-boxed e-con e-parent\" data-id=\"161508ac\" data-element_type=\"container\" data-settings=\"{&quot;background_background&quot;:&quot;classic&quot;,&quot;content_width&quot;:&quot;boxed&quot;}\" data-core-v316-plus=\"true\">\n\t\t\t\t\t<div class=\"e-con-inner\">\n\t\t\t\t<div class=\"elementor-element elementor-element-b80a235 elementor-widget elementor-widget-heading\" data-id=\"b80a235\" data-element_type=\"widget\" data-widget_type=\"heading.default\">\n\t\t\t\t<div class=\"elementor-widget-container\">\n\t\t\t<style>\/*! elementor - v3.18.0 - 08-12-2023 *\/\n.elementor-heading-title{padding:0;margin:0;line-height:1}.elementor-widget-heading .elementor-heading-title[class*=elementor-size-]>a{color:inherit;font-size:inherit;line-height:inherit}.elementor-widget-heading .elementor-heading-title.elementor-size-small{font-size:15px}.elementor-widget-heading .elementor-heading-title.elementor-size-medium{font-size:19px}.elementor-widget-heading .elementor-heading-title.elementor-size-large{font-size:29px}.elementor-widget-heading .elementor-heading-title.elementor-size-xl{font-size:39px}.elementor-widget-heading .elementor-heading-title.elementor-size-xxl{font-size:59px}<\/style><h2 class=\"elementor-heading-title elementor-size-small\">Notre s\u00e9lection <\/h2>\t\t<\/div>\n\t\t\t\t<\/div>\n\t\t\t\t\t<\/div>\n\t\t\t\t<\/div>\n\t\t<div class=\"elementor-element elementor-element-7cc3b63 e-flex e-con-boxed e-con e-parent\" data-id=\"7cc3b63\" data-element_type=\"container\" data-settings=\"{&quot;background_background&quot;:&quot;classic&quot;,&quot;content_width&quot;:&quot;boxed&quot;}\" data-core-v316-plus=\"true\">\n\t\t\t\t\t<div class=\"e-con-inner\">\n\t\t\t\t<div class=\"elementor-element elementor-element-7126804 elementor-widget__width-inherit elementor-widget elementor-widget-Wpresidence_Filter_List_Properties\" data-id=\"7126804\" data-element_type=\"widget\" data-widget_type=\"Wpresidence_Filter_List_Properties.default\">\n\t\t\t\t<div class=\"elementor-widget-container\">\n\t\t\t        <div class=\"listing_filters_head\">\n        <input type=\"hidden\" id=\"page_idx\" value=\"93\">\n\n\n                <div class=\"dropdown listing_filter_select filter_action_category\" >\n                  <div data-toggle=\"dropdown\" id=\"a_filter_action\" class=\"filter_menu_trigger\" data-value=\"Types\"> Types <span class=\"caret caret_filter\"><\/span> <\/div>\n                  <ul  class=\"dropdown-menu filter_menu\" role=\"menu\" aria-labelledby=\"a_filter_action\">\n                      <li role=\"presentation\" data-value=\"all\">Property Type<\/li><li role=\"presentation\" data-value=\"appartement\">Appartement<\/li><li role=\"presentation\" data-value=\"chalet\">Chalet<\/li><li role=\"presentation\" data-value=\"propriete-agricole\">Propri\u00e9t\u00e9 Agricole<\/li><li role=\"presentation\" data-value=\"proprietes-demeures\">Propri\u00e9t\u00e9 Demeure<\/li><li role=\"presentation\" data-value=\"proprietes-viticoles\">Propri\u00e9t\u00e9 Viticole<\/li><li role=\"presentation\" data-value=\"terrain\">Terrain<\/li><li role=\"presentation\" data-value=\"villa\">Villa<\/li>                  <\/ul>\n                <\/div>\n\n                <div class=\"dropdown listing_filter_select filter_category\" >\n                  <div data-toggle=\"dropdown\" id=\"a_filter_categ\" class=\"filter_menu_trigger\" data-value=\"Categories\"> Categories <span class=\"caret caret_filter\"><\/span> <\/div>\n                  <ul  class=\"dropdown-menu filter_menu\" role=\"menu\" aria-labelledby=\"a_filter_categ\">\n                      <li role=\"presentation\" data-value=\"all\">Property Category<\/li><li role=\"presentation\" data-value=\"commercial\">Commercial<\/li><li role=\"presentation\" data-value=\"residentiel\">R\u00e9sidentiel<\/li>                  <\/ul>\n                <\/div>\n\n\n                <div class=\"dropdown listing_filter_select filter_county\" >\n                  <div data-toggle=\"dropdown\" id=\"a_filter_county\" class=\"filter_menu_trigger\" data-value=\"States\"> States <span class=\"caret caret_filter\"><\/span> <\/div>\n                  <ul id=\"filter_county\" class=\"dropdown-menu filter_menu\" role=\"menu\" aria-labelledby=\"a_filter_county\">\n                      <li role=\"presentation\" data-value=\"all\" data-value2=\"all\">States<\/li><li role=\"presentation\" data-value=\"france\" ax data-value2=\"france\">France<\/li>                  <\/ul>\n                <\/div>\n\n\n                <div class=\"dropdown listing_filter_select filter_city\" >\n                  <div data-toggle=\"dropdown\" id=\"a_filter_cities\" class=\"filter_menu_trigger\" data-value=\"Cities\"> Cities <span class=\"caret caret_filter\"><\/span> <\/div>\n                  <ul id=\"filter_city\" class=\"dropdown-menu filter_menu\" role=\"menu\" aria-labelledby=\"a_filter_cities\">\n                      <li role=\"presentation\" data-value=\"all\" data-value2=\"all\">Cities<\/li><li role=\"presentation\" data-value=\"annecy\" data-value2=\"annecy\" data-parentcounty=\"\">Annecy<\/li><li role=\"presentation\" data-value=\"arles\" data-value2=\"arles\" data-parentcounty=\"\">Arles<\/li><li role=\"presentation\" data-value=\"chamonix-mont-blanc\" data-value2=\"chamonix-mont-blanc\" data-parentcounty=\"california\">Chamonix<\/li><li role=\"presentation\" data-value=\"chezery-forenz\" data-value2=\"chezery-forenz\" data-parentcounty=\"\">Ch\u00e9zery Forenz<\/li><li role=\"presentation\" data-value=\"hauteville\" data-value2=\"hauteville\" data-parentcounty=\"california\">Hauteville<\/li><li role=\"presentation\" data-value=\"paris\" data-value2=\"paris\" data-parentcounty=\"\">Paris<\/li><li role=\"presentation\" data-value=\"porto-vecchio\" data-value2=\"porto-vecchio\" data-parentcounty=\"\">Porto Vecchio<\/li><li role=\"presentation\" data-value=\"ury\" data-value2=\"ury\" data-parentcounty=\"france\">Ury<\/li><li role=\"presentation\" data-value=\"villiers-sous-grez\" data-value2=\"villiers-sous-grez\" data-parentcounty=\"france\">Villiers Sous Grez<\/li>                  <\/ul>\n                <\/div>\n\n\n                <div class=\"dropdown listing_filter_select filter_area\" >\n                  <div data-toggle=\"dropdown\" id=\"a_filter_areas\" class=\"filter_menu_trigger\" data-value=\"Areas\">Areas<span class=\"caret caret_filter\"><\/span> <\/div>\n                  <ul id=\"filter_area\" class=\"dropdown-menu filter_menu\" role=\"menu\" aria-labelledby=\"a_filter_areas\">\n                      <li role=\"presentation\" data-value=\"all\">Areas<\/li><li role=\"presentation\" data-value=\"ain-jura\" data-parentcity=\"\">Ain - Jura<\/li><li role=\"presentation\" data-value=\"corse\" data-parentcity=\"annecy\">Corse<\/li><li role=\"presentation\" data-value=\"haute-savoie\" data-parentcity=\"\">Haute Savoie<\/li><li role=\"presentation\" data-value=\"ile-de-france\" data-parentcity=\"annecy\">\u00eele De France<\/li><li role=\"presentation\" data-value=\"leman\" data-parentcity=\"annecy\">L\u00e9man<\/li><li role=\"presentation\" data-value=\"provence\" data-parentcity=\"annecy\">Provence<\/li>                  <\/ul>\n                <\/div>\n\n\n\n        <div class=\"dropdown listing_filter_select order_filter \">\n            <div data-toggle=\"dropdown\" id=\"a_filter_order\" class=\"filter_menu_trigger\" data-value=\"0\"> Default <span class=\"caret caret_filter\"><\/span> <\/div>\n             <ul id=\"filter_order\" class=\"dropdown-menu filter_menu\" role=\"menu\" aria-labelledby=\"a_filter_order\">\n                 <li role=\"presentation\" data-value=\"1\">Price High to Low<\/li><li role=\"presentation\" data-value=\"2\">Price Low to High<\/li><li role=\"presentation\" data-value=\"3\">Newest first<\/li><li role=\"presentation\" data-value=\"4\">Oldest first<\/li><li role=\"presentation\" data-value=\"11\">Newest Edited<\/li><li role=\"presentation\" data-value=\"12\">Oldest Edited <\/li><li role=\"presentation\" data-value=\"5\">Bedrooms High to Low<\/li><li role=\"presentation\" data-value=\"6\">Bedrooms Low to high<\/li><li role=\"presentation\" data-value=\"7\">Bathrooms High to Low<\/li><li role=\"presentation\" data-value=\"8\">Bathrooms Low to high<\/li><li role=\"presentation\" data-value=\"0\">Default<\/li>             <\/ul>\n        <\/div>\n\n\n        \n        <div class=\"listing_filter_select listing_filter_views grid_filter_wiew\">\n            <div id=\"grid_view\" class=\"icon_selected\">\n            <i class=\"fa-solid fa-grip-vertical\"><\/i>\n            <\/div>\n        <\/div>\n\n        <div class=\"listing_filter_select listing_filter_views list_filter_wiew\">\n             <div id=\"list_view\" class=\"\">\n                <i class=\"fas fa-bars\"><\/i>\n             <\/div>\n        <\/div>\n          <div data-toggle=\"dropdown\" id=\"a_filter_county\" class=\"\" data-value=\"States\"><\/div>\n    <\/div>\n    <div class=\"wpestate_filter_list_properties_wrapper\" data-ishortcode=\"1\" data-number=\"9\"  data-rownumber=\"3\" data-card_version=\"\" data-align=\"vertical\">\r\n        <div class=\"spinner\" id=\"listing_loader2\">\r\n            <div class=\"new_prelader\"><\/div>\r\n        <\/div>\r\n    <\/div>\t\t<\/div>\n\t\t\t\t<\/div>\n\t\t\t\t\t<\/div>\n\t\t\t\t<\/div>\n\t\t\t\t\t\t\t<\/div>\n\t\t","protected":false},"excerpt":{"rendered":"<p>Notre s\u00e9lection Types Property Type For Rent For Sale Cat\u00e9gories Property Category Commercial Residential R\u00e9gions States California Villes Cities Annecy Chamonix Mont Blanc Paris San Diego Zones Areas Clairemont Corsica Downtown Haute Savoie Hillcrest Miramar Mission Beach Pacific Beach Paris Point Loma San Ysidro Default Price High to Low Price Low to High Newest first Oldest first Newest Edited Oldest Edited Bedrooms High to &#8230;<\/p>\n","protected":false},"author":1,"featured_media":0,"parent":0,"menu_order":0,"comment_status":"closed","ping_status":"closed","template":"page_property_design.php","meta":{"_monsterinsights_skip_tracking":false,"_monsterinsights_sitenote_active":false,"_monsterinsights_sitenote_note":"","_monsterinsights_sitenote_category":0,"footnotes":""},"yoast_head":"<!-- This site is optimized with the Yoast SEO plugin v21.7 - https:\/\/yoast.com\/wordpress\/plugins\/seo\/ -->\n<title>Trouver votre demeure - Cajua Proprietes<\/title>\n<meta name=\"robots\" content=\"index, follow, max-snippet:-1, max-image-preview:large, max-video-preview:-1\" \/>\n<link rel=\"canonical\" href=\"https:\/\/cajua.ch\/?page_id=93\" \/>\n<meta property=\"og:locale\" content=\"en_US\" \/>\n<meta property=\"og:type\" content=\"article\" \/>\n<meta property=\"og:title\" content=\"Trouver votre demeure - Cajua Proprietes\" \/>\n<meta property=\"og:description\" content=\"Notre s\u00e9lection Types Property Type For Rent For Sale Cat\u00e9gories Property Category Commercial Residential R\u00e9gions States California Villes Cities Annecy Chamonix Mont Blanc Paris San Diego Zones Areas Clairemont Corsica Downtown Haute Savoie Hillcrest Miramar Mission Beach Pacific Beach Paris Point Loma San Ysidro Default Price High to Low Price Low to High Newest first Oldest first Newest Edited Oldest Edited Bedrooms High to ...\" \/>\n<meta property=\"og:url\" content=\"https:\/\/cajua.ch\/?page_id=93\" \/>\n<meta property=\"og:site_name\" content=\"Cajua Proprietes\" \/>\n<meta property=\"article:modified_time\" content=\"2024-06-26T14:44:09+00:00\" \/>\n<meta property=\"og:image\" content=\"http:\/\/cajua.ch\/wp-content\/uploads\/2024\/02\/Amal_3-525x328.jpg\" \/>\n<meta name=\"twitter:card\" content=\"summary_large_image\" \/>\n<meta name=\"twitter:label1\" content=\"Est. reading time\" \/>\n\t<meta name=\"twitter:data1\" content=\"9 minutes\" \/>\n<script type=\"application\/ld+json\" class=\"yoast-schema-graph\">{\"@context\":\"https:\/\/schema.org\",\"@graph\":[{\"@type\":\"WebPage\",\"@id\":\"https:\/\/cajua.ch\/?page_id=93\",\"url\":\"https:\/\/cajua.ch\/?page_id=93\",\"name\":\"Trouver votre demeure - Cajua Proprietes\",\"isPartOf\":{\"@id\":\"https:\/\/cajua.ch\/#website\"},\"datePublished\":\"2014-05-26T15:15:20+00:00\",\"dateModified\":\"2024-06-26T14:44:09+00:00\",\"breadcrumb\":{\"@id\":\"https:\/\/cajua.ch\/?page_id=93#breadcrumb\"},\"inLanguage\":\"en-US\",\"potentialAction\":[{\"@type\":\"ReadAction\",\"target\":[\"https:\/\/cajua.ch\/?page_id=93\"]}]},{\"@type\":\"BreadcrumbList\",\"@id\":\"https:\/\/cajua.ch\/?page_id=93#breadcrumb\",\"itemListElement\":[{\"@type\":\"ListItem\",\"position\":1,\"name\":\"Accueil\",\"item\":\"https:\/\/cajua.ch\/\"},{\"@type\":\"ListItem\",\"position\":2,\"name\":\"Trouver votre demeure\"}]},{\"@type\":\"WebSite\",\"@id\":\"https:\/\/cajua.ch\/#website\",\"url\":\"https:\/\/cajua.ch\/\",\"name\":\"Cajua Proprietes\",\"description\":\"Services immobiliers personnalis\u00e9s L\u00e9man Provence\",\"publisher\":{\"@id\":\"https:\/\/cajua.ch\/#organization\"},\"potentialAction\":[{\"@type\":\"SearchAction\",\"target\":{\"@type\":\"EntryPoint\",\"urlTemplate\":\"https:\/\/cajua.ch\/?s={search_term_string}\"},\"query-input\":\"required name=search_term_string\"}],\"inLanguage\":\"en-US\"},{\"@type\":\"Organization\",\"@id\":\"https:\/\/cajua.ch\/#organization\",\"name\":\"Cajua Proprietes\",\"url\":\"https:\/\/cajua.ch\/\",\"logo\":{\"@type\":\"ImageObject\",\"inLanguage\":\"en-US\",\"@id\":\"https:\/\/cajua.ch\/#\/schema\/logo\/image\/\",\"url\":\"https:\/\/cajua.ch\/wp-content\/uploads\/2024\/02\/logo-base-2.jpg\",\"contentUrl\":\"https:\/\/cajua.ch\/wp-content\/uploads\/2024\/02\/logo-base-2.jpg\",\"width\":250,\"height\":149,\"caption\":\"Cajua Proprietes\"},\"image\":{\"@id\":\"https:\/\/cajua.ch\/#\/schema\/logo\/image\/\"}}]}<\/script>\n<!-- \/ Yoast SEO plugin. -->","yoast_head_json":{"title":"Trouver votre demeure - Cajua Proprietes","robots":{"index":"index","follow":"follow","max-snippet":"max-snippet:-1","max-image-preview":"max-image-preview:large","max-video-preview":"max-video-preview:-1"},"canonical":"https:\/\/cajua.ch\/?page_id=93","og_locale":"en_US","og_type":"article","og_title":"Trouver votre demeure - Cajua Proprietes","og_description":"Notre s\u00e9lection Types Property Type For Rent For Sale Cat\u00e9gories Property Category Commercial Residential R\u00e9gions States California Villes Cities Annecy Chamonix Mont Blanc Paris San Diego Zones Areas Clairemont Corsica Downtown Haute Savoie Hillcrest Miramar Mission Beach Pacific Beach Paris Point Loma San Ysidro Default Price High to Low Price Low to High Newest first Oldest first Newest Edited Oldest Edited Bedrooms High to ...","og_url":"https:\/\/cajua.ch\/?page_id=93","og_site_name":"Cajua Proprietes","article_modified_time":"2024-06-26T14:44:09+00:00","og_image":[{"url":"http:\/\/cajua.ch\/wp-content\/uploads\/2024\/02\/Amal_3-525x328.jpg"}],"twitter_card":"summary_large_image","twitter_misc":{"Est. reading time":"9 minutes"},"schema":{"@context":"https:\/\/schema.org","@graph":[{"@type":"WebPage","@id":"https:\/\/cajua.ch\/?page_id=93","url":"https:\/\/cajua.ch\/?page_id=93","name":"Trouver votre demeure - Cajua Proprietes","isPartOf":{"@id":"https:\/\/cajua.ch\/#website"},"datePublished":"2014-05-26T15:15:20+00:00","dateModified":"2024-06-26T14:44:09+00:00","breadcrumb":{"@id":"https:\/\/cajua.ch\/?page_id=93#breadcrumb"},"inLanguage":"en-US","potentialAction":[{"@type":"ReadAction","target":["https:\/\/cajua.ch\/?page_id=93"]}]},{"@type":"BreadcrumbList","@id":"https:\/\/cajua.ch\/?page_id=93#breadcrumb","itemListElement":[{"@type":"ListItem","position":1,"name":"Accueil","item":"https:\/\/cajua.ch\/"},{"@type":"ListItem","position":2,"name":"Trouver votre demeure"}]},{"@type":"WebSite","@id":"https:\/\/cajua.ch\/#website","url":"https:\/\/cajua.ch\/","name":"Cajua Proprietes","description":"Services immobiliers personnalis\u00e9s L\u00e9man Provence","publisher":{"@id":"https:\/\/cajua.ch\/#organization"},"potentialAction":[{"@type":"SearchAction","target":{"@type":"EntryPoint","urlTemplate":"https:\/\/cajua.ch\/?s={search_term_string}"},"query-input":"required name=search_term_string"}],"inLanguage":"en-US"},{"@type":"Organization","@id":"https:\/\/cajua.ch\/#organization","name":"Cajua Proprietes","url":"https:\/\/cajua.ch\/","logo":{"@type":"ImageObject","inLanguage":"en-US","@id":"https:\/\/cajua.ch\/#\/schema\/logo\/image\/","url":"https:\/\/cajua.ch\/wp-content\/uploads\/2024\/02\/logo-base-2.jpg","contentUrl":"https:\/\/cajua.ch\/wp-content\/uploads\/2024\/02\/logo-base-2.jpg","width":250,"height":149,"caption":"Cajua Proprietes"},"image":{"@id":"https:\/\/cajua.ch\/#\/schema\/logo\/image\/"}}]}},"_links":{"self":[{"href":"https:\/\/cajua.ch\/index.php?rest_route=\/wp\/v2\/pages\/93"}],"collection":[{"href":"https:\/\/cajua.ch\/index.php?rest_route=\/wp\/v2\/pages"}],"about":[{"href":"https:\/\/cajua.ch\/index.php?rest_route=\/wp\/v2\/types\/page"}],"author":[{"embeddable":true,"href":"https:\/\/cajua.ch\/index.php?rest_route=\/wp\/v2\/users\/1"}],"replies":[{"embeddable":true,"href":"https:\/\/cajua.ch\/index.php?rest_route=%2Fwp%2Fv2%2Fcomments&post=93"}],"version-history":[{"count":44,"href":"https:\/\/cajua.ch\/index.php?rest_route=\/wp\/v2\/pages\/93\/revisions"}],"predecessor-version":[{"id":24540,"href":"https:\/\/cajua.ch\/index.php?rest_route=\/wp\/v2\/pages\/93\/revisions\/24540"}],"wp:attachment":[{"href":"https:\/\/cajua.ch\/index.php?rest_route=%2Fwp%2Fv2%2Fmedia&parent=93"}],"curies":[{"name":"wp","href":"https:\/\/api.w.org\/{rel}","templated":true}]}}